{"id":10,"date":"2017-02-11T13:28:24","date_gmt":"2017-02-11T12:28:24","guid":{"rendered":"http:\/\/www.elektrikarpce.cz\/domains\/elektrikarpce.cz\/?page_id=10"},"modified":"2025-01-18T23:27:15","modified_gmt":"2025-01-18T22:27:15","slug":"kontakty","status":"publish","type":"page","link":"http:\/\/www.elektrikarpce.cz\/domains\/elektrikarpce.cz\/kontakty\/","title":{"rendered":"KONTAKTY"},"content":{"rendered":"\n<p><strong><u>Kde n\u00e1s najdete<\/u><\/strong>:<\/p>\n\n\n\n<p>Na\u0161e je um\u00edst\u011bno v\u00a0are\u00e1lu ZVU na adrese:<\/p>\n\n\n\n<p>Pra\u017esk\u00e1 t\u0159\u00edda 360, 500 04 Hradec Kr\u00e1lov\u00e9, Kukleny<\/p>\n\n\n<div class=\"wp-block-image size-full wp-image-659\">\n<figure class=\"alignleft\"><img decoding=\"async\" loading=\"lazy\" width=\"1061\" height=\"911\" src=\"http:\/\/www.elektrikarpce.cz\/domains\/elektrikarpce.cz\/wp-content\/uploads\/2023\/01\/vjezd-upraveno.jpg\" alt=\"\" class=\"wp-image-659\" srcset=\"http:\/\/www.elektrikarpce.cz\/domains\/elektrikarpce.cz\/wp-content\/uploads\/2023\/01\/vjezd-upraveno.jpg 1061w, http:\/\/www.elektrikarpce.cz\/domains\/elektrikarpce.cz\/wp-content\/uploads\/2023\/01\/vjezd-upraveno-300x258.jpg 300w, http:\/\/www.elektrikarpce.cz\/domains\/elektrikarpce.cz\/wp-content\/uploads\/2023\/01\/vjezd-upraveno-1024x879.jpg 1024w, http:\/\/www.elektrikarpce.cz\/domains\/elektrikarpce.cz\/wp-content\/uploads\/2023\/01\/vjezd-upraveno-768x659.jpg 768w\" sizes=\"(max-width: 1061px) 100vw, 1061px\" \/><figcaption class=\"wp-element-caption\">Vjezd do are\u00e1lu z Pra\u017esk\u00e9 t\u0159\u00eddy<\/figcaption><\/figure><\/div>\n\n\n<figure class=\"wp-block-image\"><img decoding=\"async\" loading=\"lazy\" width=\"1920\" height=\"969\" src=\"http:\/\/www.elektrikarpce.cz\/domains\/elektrikarpce.cz\/wp-content\/uploads\/2023\/01\/za-branou-upraveno.jpg\" alt=\"\" class=\"wp-image-660\" srcset=\"http:\/\/www.elektrikarpce.cz\/domains\/elektrikarpce.cz\/wp-content\/uploads\/2023\/01\/za-branou-upraveno.jpg 1920w, http:\/\/www.elektrikarpce.cz\/domains\/elektrikarpce.cz\/wp-content\/uploads\/2023\/01\/za-branou-upraveno-300x151.jpg 300w, http:\/\/www.elektrikarpce.cz\/domains\/elektrikarpce.cz\/wp-content\/uploads\/2023\/01\/za-branou-upraveno-1024x517.jpg 1024w, http:\/\/www.elektrikarpce.cz\/domains\/elektrikarpce.cz\/wp-content\/uploads\/2023\/01\/za-branou-upraveno-768x388.jpg 768w, http:\/\/www.elektrikarpce.cz\/domains\/elektrikarpce.cz\/wp-content\/uploads\/2023\/01\/za-branou-upraveno-1536x775.jpg 1536w\" sizes=\"(max-width: 1920px) 100vw, 1920px\" \/><\/figure>\n\n\n\n<p class=\"has-text-align-center\"><\/p>\n\n\n\n<p class=\"has-text-align-center\">V p\u0159\u00edpad\u011b pot\u0159eby n\u00e1s zastihnete na tel. \u010d\u00edsle: <strong>+420\u00a0606\u00a0204 578\u00a0\u00a0\u00a0\u00a0\u00a0\u00a0\u00a0\u00a0\u00a0\u00a0\u00a0\u00a0\u00a0\u00a0\u00a0\u00a0\u00a0\u00a0\u00a0\u00a0<\/strong><\/p>\n\n\n\n<p><strong>Faktura\u010dn\u00ed \u00fadaje<\/strong><\/p>\n\n\n\n<p>PROROK ELEKTROINSTALACE s.r.o<\/p>\n\n\n\n<p>Pra\u017esk\u00e1 t\u0159\u00edda 360 , 50004 Hradec Kr\u00e1lov\u00e9<\/p>\n\n\n\n<p>I\u010d: 22156313<\/p>\n\n\n\n<p><strong>\u00a0 \u00a0 \u00a0 \u00a0 \u00a0 \u00a0 \u00a0 \u00a0 \u00a0 \u00a0 \u00a0 \u00a0 \u00a0 \u00a0\u00a0<\/strong><\/p>\n\n\n\n<p><strong>Email:<\/strong>&nbsp;<a href=\"mailto:prorok@elektrikarpce.cz\">prorok@elektrikarpce.cz<\/a> ,&nbsp;<a href=\"mailto:prorokvita@seznam.cz\">prorokvita@seznam.cz<\/a><\/p>\n\n\n\n<p><strong>Telefonn\u00ed \u010d\u00edslo: <\/strong><a href=\"tel:+420606204578\">+420 606 204 578<\/a><\/p>\n\n\n\n<h1><strong>Pro kontakt m\u016f\u017eete vyu\u017e\u00edt i formul\u00e1\u0159 n\u00ed\u017ee:<\/strong><\/h1>\n\n\n\n<div class=\"wp-block-contact-form-7-contact-form-selector\"><div class=\"wpcf7 no-js\" id=\"wpcf7-f214-o1\" lang=\"cs-CZ\" dir=\"ltr\">\n<div class=\"screen-reader-response\"><p role=\"status\" aria-live=\"polite\" aria-atomic=\"true\"><\/p> <ul><\/ul><\/div>\n<form action=\"\/domains\/elektrikarpce.cz\/wp-json\/wp\/v2\/pages\/10#wpcf7-f214-o1\" method=\"post\" class=\"wpcf7-form init\" aria-label=\"Contact form\" novalidate=\"novalidate\" data-status=\"init\">\n<div style=\"display: none;\">\n<input type=\"hidden\" name=\"_wpcf7\" value=\"214\" \/>\n<input type=\"hidden\" name=\"_wpcf7_version\" value=\"5.7\" \/>\n<input type=\"hidden\" name=\"_wpcf7_locale\" value=\"cs_CZ\" \/>\n<input type=\"hidden\" name=\"_wpcf7_unit_tag\" value=\"wpcf7-f214-o1\" \/>\n<input type=\"hidden\" name=\"_wpcf7_container_post\" value=\"0\" \/>\n<input type=\"hidden\" name=\"_wpcf7_posted_data_hash\" value=\"\" \/>\n<\/div>\n<p><label> Va\u0161e jm\u00e9no<br \/>\n<span class=\"wpcf7-form-control-wrap\" data-name=\"your-name\"><input size=\"40\" class=\"wpcf7-form-control wpcf7-text wpcf7-validates-as-required\" aria-required=\"true\" aria-invalid=\"false\" value=\"\" type=\"text\" name=\"your-name\" \/><\/span> <\/label>\n<\/p>\n<p><label> V\u00e1\u0161 e-mail<br \/>\n<span class=\"wpcf7-form-control-wrap\" data-name=\"your-email\"><input size=\"40\" class=\"wpcf7-form-control wpcf7-text wpcf7-email wpcf7-validates-as-required wpcf7-validates-as-email\" aria-required=\"true\" aria-invalid=\"false\" value=\"\" type=\"email\" name=\"your-email\" \/><\/span> <\/label>\n<\/p>\n<p><label> P\u0159edm\u011bt<br \/>\n<span class=\"wpcf7-form-control-wrap\" data-name=\"your-subject\"><input size=\"40\" class=\"wpcf7-form-control wpcf7-text wpcf7-validates-as-required\" aria-required=\"true\" aria-invalid=\"false\" value=\"\" type=\"text\" name=\"your-subject\" \/><\/span> <\/label>\n<\/p>\n<p><label> Va\u0161e zpr\u00e1va (voliteln\u00fd)<br \/>\n<span class=\"wpcf7-form-control-wrap\" data-name=\"your-message\"><textarea cols=\"40\" rows=\"10\" class=\"wpcf7-form-control wpcf7-textarea\" aria-invalid=\"false\" name=\"your-message\"><\/textarea><\/span> <\/label>\n<\/p>\n<p><input class=\"wpcf7-form-control has-spinner wpcf7-submit\" type=\"submit\" value=\"Odeslat\" \/>\n<\/p><p style=\"display: none !important;\"><label>&#916;<textarea name=\"_wpcf7_ak_hp_textarea\" cols=\"45\" rows=\"8\" maxlength=\"100\"><\/textarea><\/label><input type=\"hidden\" id=\"ak_js_1\" name=\"_wpcf7_ak_js\" value=\"49\"\/><script>document.getElementById( \"ak_js_1\" ).setAttribute( \"value\", ( new Date() ).getTime() );<\/script><\/p><div class=\"wpcf7-response-output\" aria-hidden=\"true\"><\/div><\/form><\/div><\/div>\n","protected":false},"excerpt":{"rendered":"<p>Kde n\u00e1s najdete: Na\u0161e je um\u00edst\u011bno v\u00a0are\u00e1lu ZVU na adrese: Pra\u017esk\u00e1 t\u0159\u00edda 360, 500 04 Hradec Kr\u00e1lov\u00e9, Kukleny V p\u0159\u00edpad\u011b pot\u0159eby n\u00e1s zastihnete na tel. \u010d\u00edsle: +420\u00a0606\u00a0204 578\u00a0\u00a0\u00a0\u00a0\u00a0\u00a0\u00a0\u00a0\u00a0\u00a0\u00a0\u00a0\u00a0\u00a0\u00a0\u00a0\u00a0\u00a0\u00a0\u00a0 Faktura\u010dn\u00ed \u00fadaje PROROK ELEKTROINSTALACE s.r.o Pra\u017esk\u00e1 t\u0159\u00edda 360 , 50004 Hradec Kr\u00e1lov\u00e9 I\u010d: 22156313 \u00a0 \u00a0 \u00a0 \u00a0 \u00a0 \u00a0 \u00a0 \u00a0 \u00a0 \u00a0 \u00a0 \u00a0 \u00a0 \u00a0\u00a0 Email:&nbsp;prorok@elektrikarpce.cz ,&nbsp;prorokvita@seznam.cz Telefonn\u00ed \u010d\u00edslo: +420 606 204 578 Pro kontakt m\u016f\u017eete vyu\u017e\u00edt i formul\u00e1\u0159 n\u00ed\u017ee:<\/p>\n","protected":false},"author":1,"featured_media":0,"parent":0,"menu_order":0,"comment_status":"closed","ping_status":"closed","template":"","meta":[],"yoast_head":"<!-- This site is optimized with the Yoast SEO plugin v19.11 - https:\/\/yoast.com\/wordpress\/plugins\/seo\/ -->\n<title>KONTAKTY &ndash; Elektrik\u00e1\u0159sk\u00e9 pr\u00e1ce<\/title>\n<meta name=\"description\" content=\"Pot\u0159ebujete elektrik\u00e1\u0159sk\u00e9 slu\u017eby? Kontaktujte n\u00e1s pro instalaci, \u00fadr\u017ebu a opravy elektrick\u00fdch za\u0159\u00edzen\u00ed. Dostupn\u00ed jsme 24\/7 a nab\u00edz\u00edme konkurenceschopn\u00e9 ceny.\" \/>\n<meta name=\"robots\" content=\"index, follow, max-snippet:-1, max-image-preview:large, max-video-preview:-1\" \/>\n<link rel=\"canonical\" href=\"http:\/\/www.elektrikarpce.cz\/domains\/elektrikarpce.cz\/kontakty\/\" \/>\n<meta property=\"og:locale\" content=\"cs_CZ\" \/>\n<meta property=\"og:type\" content=\"article\" \/>\n<meta property=\"og:title\" content=\"KONTAKTY &ndash; Elektrik\u00e1\u0159sk\u00e9 pr\u00e1ce\" \/>\n<meta property=\"og:description\" content=\"Pot\u0159ebujete elektrik\u00e1\u0159sk\u00e9 slu\u017eby? Kontaktujte n\u00e1s pro instalaci, \u00fadr\u017ebu a opravy elektrick\u00fdch za\u0159\u00edzen\u00ed. Dostupn\u00ed jsme 24\/7 a nab\u00edz\u00edme konkurenceschopn\u00e9 ceny.\" \/>\n<meta property=\"og:url\" content=\"http:\/\/www.elektrikarpce.cz\/domains\/elektrikarpce.cz\/kontakty\/\" \/>\n<meta property=\"og:site_name\" content=\"Elektrik\u00e1\u0159sk\u00e9 pr\u00e1ce\" \/>\n<meta property=\"article:modified_time\" content=\"2025-01-18T22:27:15+00:00\" \/>\n<meta property=\"og:image\" content=\"http:\/\/www.elektrikarpce.cz\/domains\/elektrikarpce.cz\/wp-content\/uploads\/2023\/01\/vjezd-upraveno.jpg\" \/>\n<meta name=\"twitter:card\" content=\"summary_large_image\" \/>\n<meta name=\"twitter:label1\" content=\"Odhadovan\u00e1 doba \u010dten\u00ed\" \/>\n\t<meta name=\"twitter:data1\" content=\"1 minuta\" \/>\n<script type=\"application\/ld+json\" class=\"yoast-schema-graph\">{\"@context\":\"https:\/\/schema.org\",\"@graph\":[{\"@type\":\"WebPage\",\"@id\":\"http:\/\/www.elektrikarpce.cz\/domains\/elektrikarpce.cz\/kontakty\/\",\"url\":\"http:\/\/www.elektrikarpce.cz\/domains\/elektrikarpce.cz\/kontakty\/\",\"name\":\"KONTAKTY &ndash; Elektrik\u00e1\u0159sk\u00e9 pr\u00e1ce\",\"isPartOf\":{\"@id\":\"http:\/\/www.elektrikarpce.cz\/domains\/elektrikarpce.cz\/#website\"},\"datePublished\":\"2017-02-11T12:28:24+00:00\",\"dateModified\":\"2025-01-18T22:27:15+00:00\",\"description\":\"Pot\u0159ebujete elektrik\u00e1\u0159sk\u00e9 slu\u017eby? Kontaktujte n\u00e1s pro instalaci, \u00fadr\u017ebu a opravy elektrick\u00fdch za\u0159\u00edzen\u00ed. Dostupn\u00ed jsme 24\/7 a nab\u00edz\u00edme konkurenceschopn\u00e9 ceny.\",\"breadcrumb\":{\"@id\":\"http:\/\/www.elektrikarpce.cz\/domains\/elektrikarpce.cz\/kontakty\/#breadcrumb\"},\"inLanguage\":\"cs\",\"potentialAction\":[{\"@type\":\"ReadAction\",\"target\":[\"http:\/\/www.elektrikarpce.cz\/domains\/elektrikarpce.cz\/kontakty\/\"]}]},{\"@type\":\"BreadcrumbList\",\"@id\":\"http:\/\/www.elektrikarpce.cz\/domains\/elektrikarpce.cz\/kontakty\/#breadcrumb\",\"itemListElement\":[{\"@type\":\"ListItem\",\"position\":1,\"name\":\"Dom\u016f\",\"item\":\"http:\/\/www.elektrikarpce.cz\/domains\/elektrikarpce.cz\/\"},{\"@type\":\"ListItem\",\"position\":2,\"name\":\"KONTAKTY\"}]},{\"@type\":\"WebSite\",\"@id\":\"http:\/\/www.elektrikarpce.cz\/domains\/elektrikarpce.cz\/#website\",\"url\":\"http:\/\/www.elektrikarpce.cz\/domains\/elektrikarpce.cz\/\",\"name\":\"Elektrik\u00e1\u0159sk\u00e9 pr\u00e1ce\",\"description\":\"Elektroinstalace, mont\u00e1\u017ee, \u00fadr\u017eba, rekonstrukce...\",\"publisher\":{\"@id\":\"http:\/\/www.elektrikarpce.cz\/domains\/elektrikarpce.cz\/#organization\"},\"potentialAction\":[{\"@type\":\"SearchAction\",\"target\":{\"@type\":\"EntryPoint\",\"urlTemplate\":\"http:\/\/www.elektrikarpce.cz\/domains\/elektrikarpce.cz\/?s={search_term_string}\"},\"query-input\":\"required name=search_term_string\"}],\"inLanguage\":\"cs\"},{\"@type\":\"Organization\",\"@id\":\"http:\/\/www.elektrikarpce.cz\/domains\/elektrikarpce.cz\/#organization\",\"name\":\"V\u00edt\u011bzslav Prorok\",\"url\":\"http:\/\/www.elektrikarpce.cz\/domains\/elektrikarpce.cz\/\",\"logo\":{\"@type\":\"ImageObject\",\"inLanguage\":\"cs\",\"@id\":\"http:\/\/www.elektrikarpce.cz\/domains\/elektrikarpce.cz\/#\/schema\/logo\/image\/\",\"url\":\"http:\/\/www.elektrikarpce.cz\/domains\/elektrikarpce.cz\/wp-content\/uploads\/2017\/02\/Logomakr_2Ypi6b.png\",\"contentUrl\":\"http:\/\/www.elektrikarpce.cz\/domains\/elektrikarpce.cz\/wp-content\/uploads\/2017\/02\/Logomakr_2Ypi6b.png\",\"width\":725,\"height\":233,\"caption\":\"V\u00edt\u011bzslav Prorok\"},\"image\":{\"@id\":\"http:\/\/www.elektrikarpce.cz\/domains\/elektrikarpce.cz\/#\/schema\/logo\/image\/\"}}]}<\/script>\n<!-- \/ Yoast SEO plugin. -->","yoast_head_json":{"title":"KONTAKTY &ndash; Elektrik\u00e1\u0159sk\u00e9 pr\u00e1ce","description":"Pot\u0159ebujete elektrik\u00e1\u0159sk\u00e9 slu\u017eby? Kontaktujte n\u00e1s pro instalaci, \u00fadr\u017ebu a opravy elektrick\u00fdch za\u0159\u00edzen\u00ed. Dostupn\u00ed jsme 24\/7 a nab\u00edz\u00edme konkurenceschopn\u00e9 ceny.","robots":{"index":"index","follow":"follow","max-snippet":"max-snippet:-1","max-image-preview":"max-image-preview:large","max-video-preview":"max-video-preview:-1"},"canonical":"http:\/\/www.elektrikarpce.cz\/domains\/elektrikarpce.cz\/kontakty\/","og_locale":"cs_CZ","og_type":"article","og_title":"KONTAKTY &ndash; Elektrik\u00e1\u0159sk\u00e9 pr\u00e1ce","og_description":"Pot\u0159ebujete elektrik\u00e1\u0159sk\u00e9 slu\u017eby? Kontaktujte n\u00e1s pro instalaci, \u00fadr\u017ebu a opravy elektrick\u00fdch za\u0159\u00edzen\u00ed. Dostupn\u00ed jsme 24\/7 a nab\u00edz\u00edme konkurenceschopn\u00e9 ceny.","og_url":"http:\/\/www.elektrikarpce.cz\/domains\/elektrikarpce.cz\/kontakty\/","og_site_name":"Elektrik\u00e1\u0159sk\u00e9 pr\u00e1ce","article_modified_time":"2025-01-18T22:27:15+00:00","og_image":[{"url":"http:\/\/www.elektrikarpce.cz\/domains\/elektrikarpce.cz\/wp-content\/uploads\/2023\/01\/vjezd-upraveno.jpg"}],"twitter_card":"summary_large_image","twitter_misc":{"Odhadovan\u00e1 doba \u010dten\u00ed":"1 minuta"},"schema":{"@context":"https:\/\/schema.org","@graph":[{"@type":"WebPage","@id":"http:\/\/www.elektrikarpce.cz\/domains\/elektrikarpce.cz\/kontakty\/","url":"http:\/\/www.elektrikarpce.cz\/domains\/elektrikarpce.cz\/kontakty\/","name":"KONTAKTY &ndash; Elektrik\u00e1\u0159sk\u00e9 pr\u00e1ce","isPartOf":{"@id":"http:\/\/www.elektrikarpce.cz\/domains\/elektrikarpce.cz\/#website"},"datePublished":"2017-02-11T12:28:24+00:00","dateModified":"2025-01-18T22:27:15+00:00","description":"Pot\u0159ebujete elektrik\u00e1\u0159sk\u00e9 slu\u017eby? Kontaktujte n\u00e1s pro instalaci, \u00fadr\u017ebu a opravy elektrick\u00fdch za\u0159\u00edzen\u00ed. Dostupn\u00ed jsme 24\/7 a nab\u00edz\u00edme konkurenceschopn\u00e9 ceny.","breadcrumb":{"@id":"http:\/\/www.elektrikarpce.cz\/domains\/elektrikarpce.cz\/kontakty\/#breadcrumb"},"inLanguage":"cs","potentialAction":[{"@type":"ReadAction","target":["http:\/\/www.elektrikarpce.cz\/domains\/elektrikarpce.cz\/kontakty\/"]}]},{"@type":"BreadcrumbList","@id":"http:\/\/www.elektrikarpce.cz\/domains\/elektrikarpce.cz\/kontakty\/#breadcrumb","itemListElement":[{"@type":"ListItem","position":1,"name":"Dom\u016f","item":"http:\/\/www.elektrikarpce.cz\/domains\/elektrikarpce.cz\/"},{"@type":"ListItem","position":2,"name":"KONTAKTY"}]},{"@type":"WebSite","@id":"http:\/\/www.elektrikarpce.cz\/domains\/elektrikarpce.cz\/#website","url":"http:\/\/www.elektrikarpce.cz\/domains\/elektrikarpce.cz\/","name":"Elektrik\u00e1\u0159sk\u00e9 pr\u00e1ce","description":"Elektroinstalace, mont\u00e1\u017ee, \u00fadr\u017eba, rekonstrukce...","publisher":{"@id":"http:\/\/www.elektrikarpce.cz\/domains\/elektrikarpce.cz\/#organization"},"potentialAction":[{"@type":"SearchAction","target":{"@type":"EntryPoint","urlTemplate":"http:\/\/www.elektrikarpce.cz\/domains\/elektrikarpce.cz\/?s={search_term_string}"},"query-input":"required name=search_term_string"}],"inLanguage":"cs"},{"@type":"Organization","@id":"http:\/\/www.elektrikarpce.cz\/domains\/elektrikarpce.cz\/#organization","name":"V\u00edt\u011bzslav Prorok","url":"http:\/\/www.elektrikarpce.cz\/domains\/elektrikarpce.cz\/","logo":{"@type":"ImageObject","inLanguage":"cs","@id":"http:\/\/www.elektrikarpce.cz\/domains\/elektrikarpce.cz\/#\/schema\/logo\/image\/","url":"http:\/\/www.elektrikarpce.cz\/domains\/elektrikarpce.cz\/wp-content\/uploads\/2017\/02\/Logomakr_2Ypi6b.png","contentUrl":"http:\/\/www.elektrikarpce.cz\/domains\/elektrikarpce.cz\/wp-content\/uploads\/2017\/02\/Logomakr_2Ypi6b.png","width":725,"height":233,"caption":"V\u00edt\u011bzslav Prorok"},"image":{"@id":"http:\/\/www.elektrikarpce.cz\/domains\/elektrikarpce.cz\/#\/schema\/logo\/image\/"}}]}},"_links":{"self":[{"href":"http:\/\/www.elektrikarpce.cz\/domains\/elektrikarpce.cz\/wp-json\/wp\/v2\/pages\/10"}],"collection":[{"href":"http:\/\/www.elektrikarpce.cz\/domains\/elektrikarpce.cz\/wp-json\/wp\/v2\/pages"}],"about":[{"href":"http:\/\/www.elektrikarpce.cz\/domains\/elektrikarpce.cz\/wp-json\/wp\/v2\/types\/page"}],"author":[{"embeddable":true,"href":"http:\/\/www.elektrikarpce.cz\/domains\/elektrikarpce.cz\/wp-json\/wp\/v2\/users\/1"}],"replies":[{"embeddable":true,"href":"http:\/\/www.elektrikarpce.cz\/domains\/elektrikarpce.cz\/wp-json\/wp\/v2\/comments?post=10"}],"version-history":[{"count":33,"href":"http:\/\/www.elektrikarpce.cz\/domains\/elektrikarpce.cz\/wp-json\/wp\/v2\/pages\/10\/revisions"}],"predecessor-version":[{"id":809,"href":"http:\/\/www.elektrikarpce.cz\/domains\/elektrikarpce.cz\/wp-json\/wp\/v2\/pages\/10\/revisions\/809"}],"wp:attachment":[{"href":"http:\/\/www.elektrikarpce.cz\/domains\/elektrikarpce.cz\/wp-json\/wp\/v2\/media?parent=10"}],"curies":[{"name":"wp","href":"https:\/\/api.w.org\/{rel}","templated":true}]}}